{"id":419,"date":"2021-06-11T09:34:46","date_gmt":"2021-06-11T08:34:46","guid":{"rendered":"https:\/\/fest.ubt-uni.net\/2021\/?page_id=419"},"modified":"2024-05-13T15:25:04","modified_gmt":"2024-05-13T14:25:04","slug":"kontakti","status":"publish","type":"page","link":"https:\/\/fest.ubt-uni.net\/2024\/kontakti\/","title":{"rendered":"Kontakti"},"content":{"rendered":"<p>T\u00eb dh\u00ebnat e personave kontaktues p\u00ebr fakultetet p\u00ebrkat\u00ebse:<\/p>\n<p>&nbsp;<\/p>\n<table class=\"table table-striped table-bordered\" style=\"width: 91.6587%; height: 768px;\" width=\"1230\">\n<tbody>\n<tr style=\"height: 24px;\">\n<td style=\"width: 5.22449%; height: 24px;\" width=\"62\"><strong>No.<\/strong><\/td>\n<td style=\"width: 33.4678%; height: 24px;\" width=\"427\"><strong>Fakulteti \/ Departamenti:<\/strong><\/td>\n<td style=\"width: 21.6327%; height: 24px;\" width=\"270\"><strong>Personi kontaktues:<\/strong><\/td>\n<td style=\"width: 37.551%; height: 24px;\" width=\"469\"><strong>Email i personit kontaktues:<\/strong><\/td>\n<\/tr>\n<tr style=\"height: 24px;\">\n<td style=\"width: 5.22449%; height: 24px;\">1<\/td>\n<td style=\"width: 33.4678%; height: 24px;\" width=\"427\">Arkitektur\u00eb dhe Planifikim Hap\u00ebsinor<\/td>\n<td style=\"width: 21.6327%; height: 24px;\" width=\"270\">Mimoza Sylejmani<\/td>\n<td style=\"width: 37.551%; height: 24px;\" width=\"469\"><a href=\"mailto:mimoza.sylejmani@ubt-uni.net\">mimoza.sylejmani@ubt-uni.net<\/a><\/td>\n<\/tr>\n<tr style=\"height: 24px;\">\n<td style=\"width: 5.22449%; height: 24px;\">2<\/td>\n<td style=\"width: 33.4678%; height: 24px;\" width=\"427\">Arti dhe Mediat Digjitale<\/td>\n<td style=\"width: 21.6327%; height: 24px;\" width=\"270\">Dardan Luta<\/td>\n<td style=\"width: 37.551%; height: 24px;\" width=\"469\"><a href=\"mailto:dardan.luta@ubt-uni.net\">dardan.luta@ubt-uni.net<\/a><\/td>\n<\/tr>\n<tr style=\"height: 24px;\">\n<td style=\"width: 5.22449%; height: 24px;\">3<\/td>\n<td style=\"width: 33.4678%; height: 24px;\" width=\"427\">Dizajn i Integruar<\/td>\n<td style=\"width: 21.6327%; height: 24px;\" width=\"270\">Laura Ymeri<\/td>\n<td style=\"width: 37.551%; height: 24px;\" width=\"469\"><a href=\"mailto:laura.ymeri@ubt-uni.net\">laura.ymeri@ubt-uni.net<\/a><\/td>\n<\/tr>\n<tr style=\"height: 24px;\">\n<td style=\"width: 5.22449%; height: 24px;\">4<\/td>\n<td style=\"width: 33.4678%; height: 24px;\" width=\"427\">Farmaci<\/td>\n<td style=\"width: 21.6327%; height: 24px;\" width=\"270\">Egzontina Shabani<\/td>\n<td style=\"width: 37.551%; height: 24px;\" width=\"469\"><a href=\"mailto:egzontina.shabani@ubt-uni.net\">egzontina.shabani@ubt-uni.net<\/a><\/td>\n<\/tr>\n<tr style=\"height: 24px;\">\n<td style=\"width: 5.22449%; height: 24px;\">5<\/td>\n<td style=\"width: 33.4678%; height: 24px;\" width=\"427\">Inxhinieria e Agrikultur\u00ebs dhe Mjedisit<\/td>\n<td style=\"width: 21.6327%; height: 24px;\" width=\"270\">Kujtim Lepaja<\/td>\n<td style=\"width: 37.551%; height: 24px;\"><a href=\"mailto:kujtim.lepaja@ubt-uni.net\">kujtim.lepaja@ubt-uni.net<\/a><\/td>\n<\/tr>\n<tr style=\"height: 24px;\">\n<td style=\"width: 5.22449%; height: 24px;\">6<\/td>\n<td style=\"width: 33.4678%; height: 24px;\" width=\"427\">Inxhinieri e Energjis\u00eb dhe Menaxhement<\/td>\n<td style=\"width: 21.6327%; height: 24px;\" width=\"270\">Besa Veseli<\/td>\n<td style=\"width: 37.551%; height: 24px;\" width=\"469\"><a href=\"mailto:besa.veseli@ubt-uni.net\">besa.veseli@ubt-uni.net<\/a><\/td>\n<\/tr>\n<tr style=\"height: 24px;\">\n<td style=\"width: 5.22449%; height: 24px;\">7<\/td>\n<td style=\"width: 33.4678%; height: 24px;\" width=\"427\">Infermieri<\/td>\n<td style=\"width: 21.6327%; height: 24px;\" width=\"270\">Shqipe Agushi,<\/p>\n<p>Fitim Alidema<\/td>\n<td style=\"width: 37.551%; height: 24px;\"><a href=\"mailto:shqipe.agushi@ubt-uni.net\">shqipe.agushi@ubt-uni.net<\/a><\/p>\n<p><a href=\"mailto:fitim.alidema@ubt-uni.net\">fitim.alidema@ubt-uni.net<\/a><\/td>\n<\/tr>\n<tr style=\"height: 24px;\">\n<td style=\"width: 5.22449%; height: 24px;\">8<\/td>\n<td style=\"width: 33.4678%; height: 24px;\" width=\"427\">Inxhinieri Nd\u00ebrtimore dhe Infrastruktur\u00eb<\/td>\n<td style=\"width: 21.6327%; height: 24px;\" width=\"270\">Visar Krelani,<\/p>\n<p>Hazir Cadraku<\/td>\n<td style=\"width: 37.551%; height: 24px;\" width=\"469\"><a href=\"mailto:visar.krelani@ubt-uni.net\">visar.krelani@ubt-uni.net<\/a><\/p>\n<p><a href=\"mailto:visar.krelani@ubt-uni.net\">hazir.cadraku@ubt-uni.net\u00a0<\/a><\/td>\n<\/tr>\n<tr style=\"height: 24px;\">\n<td style=\"width: 5.22449%; height: 24px;\">9<\/td>\n<td style=\"width: 33.4678%; height: 24px;\" width=\"427\">Juridik<\/td>\n<td style=\"width: 21.6327%; height: 24px;\" width=\"270\">Egzona Osmanaj<\/td>\n<td style=\"width: 37.551%; height: 24px;\" width=\"469\"><a href=\"mailto:egzona.osmanaj@ubt-uni.net\">egzona.osmanaj@ubt-uni.net<\/a><\/td>\n<\/tr>\n<tr style=\"height: 24px;\">\n<td style=\"width: 5.22449%; height: 24px;\">10<\/td>\n<td style=\"width: 33.4678%; height: 24px;\" width=\"427\">Menaxhment, Biznes dhe Ekonomi<\/td>\n<td style=\"width: 21.6327%; height: 24px;\" width=\"270\">Kestrim Avdimetaj<\/td>\n<td style=\"width: 37.551%; height: 24px;\" width=\"469\"><a href=\"mailto:kestrim.avdimetaj@ubt-uni.net\">kestrim.avdimetaj@ubt-uni.net<\/a><\/td>\n<\/tr>\n<tr style=\"height: 24px;\">\n<td style=\"width: 5.22449%; height: 24px;\">11<\/td>\n<td style=\"width: 33.4678%; height: 24px;\" width=\"427\">Muzik\u00eb Moderne, Produksion Digjital dhe Menaxhment<\/td>\n<td style=\"width: 21.6327%; height: 24px;\" width=\"270\">Indira Cipa,<\/p>\n<p>Blerim Emerllahu<\/td>\n<td style=\"width: 37.551%; height: 24px;\" width=\"469\"><a href=\"mailto:indira.cipa@ubt-uni.net\">indira.cipa@ubt-uni.net,<\/a><\/p>\n<p><a href=\"mailto:blerim.emerllahu@ubt-uni.net\">blerim.emerllahu@ubt-uni.net<\/a><\/td>\n<\/tr>\n<tr style=\"height: 24px;\">\n<td style=\"width: 5.22449%; height: 24px;\">12<\/td>\n<td style=\"width: 33.4678%; height: 24px;\" width=\"427\">Menaxhim i Mekatronik\u00ebs<\/td>\n<td style=\"width: 21.6327%; height: 24px;\" width=\"270\">Roni Kasemi<\/td>\n<td style=\"width: 37.551%; height: 24px;\" width=\"469\"><a href=\"mailto:roni.kasemi@ubt-uni.net\">roni.kasemi@ubt-uni.net<\/a><\/td>\n<\/tr>\n<tr style=\"height: 24px;\">\n<td style=\"width: 5.22449%; height: 24px;\">13<\/td>\n<td style=\"width: 33.4678%; height: 24px;\" width=\"427\">Media dhe Komunikim<\/td>\n<td style=\"width: 21.6327%; height: 24px;\" width=\"270\">Votim Hanolli<\/td>\n<td style=\"width: 37.551%; height: 24px;\" width=\"469\"><a href=\"mailto:votim.hanolli@ubt-uni.net\">votim.hanolli@ubt-uni.net<\/a><\/td>\n<\/tr>\n<tr style=\"height: 24px;\">\n<td style=\"width: 5.22449%; height: 24px;\">14<\/td>\n<td style=\"width: 33.4678%; height: 24px;\" width=\"427\">Politika Publike dhe Menaxhim<\/td>\n<td style=\"width: 21.6327%; height: 24px;\" width=\"270\">Hajdi Xhixha<\/td>\n<td style=\"width: 37.551%; height: 24px;\" width=\"469\"><a href=\"mailto:hajdi.xhixha@ubt-uni.net\">hajdi.xhixha@ubt-uni.net<\/a><\/td>\n<\/tr>\n<tr style=\"height: 24px;\">\n<td style=\"width: 5.22449%; height: 24px;\">15<\/td>\n<td style=\"width: 33.4678%; height: 24px;\" width=\"427\">Shkenca Kompjuterike dhe Inxhinieri<\/td>\n<td style=\"width: 21.6327%; height: 24px;\" width=\"270\">Lavdim Menxhiqi,<\/p>\n<p>Blerim Zylfiu<\/td>\n<td style=\"width: 37.551%; height: 24px;\" width=\"469\"><a href=\"mailto:lavdim.menxhiqi@ubt-uni.net\">lavdim.menxhiqi@ubt-uni.net<\/a>;<\/p>\n<p><a href=\"mailto:blerim.zylfiu@ubt-uni.net\">blerim.zylfiu@ubt-uni.net<\/a><\/td>\n<\/tr>\n<tr style=\"height: 24px;\">\n<td style=\"width: 5.22449%; height: 24px;\">16<\/td>\n<td style=\"width: 33.4678%; height: 24px;\" width=\"427\">Shkenca Politike<\/td>\n<td style=\"width: 21.6327%; height: 24px;\" width=\"270\">Hajdi Xhixha<\/td>\n<td style=\"width: 37.551%; height: 24px;\" width=\"469\"><a href=\"mailto:hajdi.xhixha@ubt-uni.net\">hajdi.xhixha@ubt-uni.net<\/a><\/td>\n<\/tr>\n<tr style=\"height: 24px;\">\n<td style=\"width: 5.22449%; height: 24px;\">17<\/td>\n<td style=\"width: 33.4678%; height: 24px;\" width=\"427\">Sistemet e Informacionit<\/td>\n<td style=\"width: 21.6327%; height: 24px;\" width=\"270\">Maria Lumezi,<\/p>\n<p>Art Hoxha<\/td>\n<td style=\"width: 37.551%; height: 24px;\" width=\"469\">&nbsp;<\/p>\n<p><a href=\"mailto:maria.lumezi@ubt-uni.net\" target=\"_blank\" rel=\"noopener\">maria.lumezi@ubt-uni.net<\/a><\/p>\n<p><a href=\"mailto:art.hoxha@ubt-uni.net\">art.hoxha@ubt-uni.net<\/a><\/td>\n<\/tr>\n<tr style=\"height: 24px;\">\n<td style=\"width: 5.22449%; height: 24px;\">18<\/td>\n<td style=\"width: 33.4678%; height: 24px;\" width=\"427\">Stomatologji<\/td>\n<td style=\"width: 21.6327%; height: 24px;\" width=\"270\">Aferdita Rizaj,<\/p>\n<p>Vullnet Fazliu<\/td>\n<td style=\"width: 37.551%; height: 24px;\"><a href=\"mailto:aferdita.rizaj@ubt-uni.net\">aferdita.rizaj@ubt-uni.net<\/a>,<\/p>\n<p><a href=\"mailto:vullnet.fazliu@ubt-uni.net\">vullnet.fazliu@ubt-uni.net<\/a><\/td>\n<\/tr>\n<tr style=\"height: 24px;\">\n<td style=\"width: 5.22449%; height: 24px;\">19<\/td>\n<td style=\"width: 33.4678%; height: 24px;\" width=\"427\">Shkencat e Ushqimit dhe Bioteknologji<\/td>\n<td style=\"width: 21.6327%; height: 24px;\" width=\"270\">Kujtim Lepaja<\/td>\n<td style=\"width: 37.551%; height: 24px;\" width=\"469\"><a href=\"mailto:kujtim.lepaja@ubt-uni.net\">kujtim.lepaja@ubt-uni.net<\/a><\/td>\n<\/tr>\n<tr style=\"height: 24px;\">\n<td style=\"width: 5.22449%; height: 24px;\">20<\/td>\n<td style=\"width: 33.4678%; height: 24px;\" width=\"427\">Teknik i Anesteziologjis\u00eb<\/td>\n<td style=\"width: 21.6327%; height: 24px;\" width=\"270\">Shqipe Agushi,<\/p>\n<p>Fitim Alidema<\/td>\n<td style=\"width: 37.551%; height: 24px;\"><a href=\"mailto:shqipe.agushi@ubt-uni.net\">shqipe.agushi@ubt-uni.net<\/a>,<\/p>\n<p><a href=\"mailto:fitim.alidema@ubt-uni.net\">fitim.alidema@ubt-uni.net<\/a><\/td>\n<\/tr>\n<tr style=\"height: 24px;\">\n<td style=\"width: 5.22449%; height: 24px;\">21<\/td>\n<td style=\"width: 33.4678%; height: 24px;\" width=\"427\">Teknik i Radiologjis\u00eb<\/td>\n<td style=\"width: 21.6327%; height: 24px;\" width=\"270\">Shqipe Agushi,<\/p>\n<p>Fitim Alidema<\/td>\n<td style=\"width: 37.551%; height: 24px;\"><a href=\"mailto:shqipe.agushi@ubt-uni.net\">shqipe.agushi@ubt-uni.net<\/a>,<\/p>\n<p><a href=\"mailto:fitim.alidema@ubt-uni.net\">fitim.alidema@ubt-uni.net<\/a><\/td>\n<\/tr>\n<tr style=\"height: 24px;\">\n<td style=\"width: 5.22449%; height: 24px;\">22<\/td>\n<td style=\"width: 33.4678%; height: 24px;\" width=\"427\">Shkolla Profesionale<\/td>\n<td style=\"width: 21.6327%; height: 24px;\" width=\"270\">Albiona Musa,<\/p>\n<p>Besnik Skenderi<\/td>\n<td style=\"width: 37.551%; height: 24px;\" width=\"469\"><a href=\"mailto:albiona.musa@ubt-uni.net\">albiona.musa@ubt-uni.net<\/a>,<\/p>\n<p><a href=\"mailto:besnik.skenderi@ubt-uni.net\">besnik.skenderi@ubt-uni.net<\/a><\/td>\n<\/tr>\n<tr style=\"height: 24px;\">\n<td style=\"width: 5.22449%; height: 24px;\">23<\/td>\n<td style=\"width: 33.4678%; height: 24px;\" width=\"427\">Junior Hub<\/td>\n<td style=\"width: 21.6327%; height: 24px;\" width=\"270\">Yllka Maloku,<\/p>\n<p>Albiona Musa<\/td>\n<td style=\"width: 37.551%; height: 24px;\" width=\"469\"><a href=\"mailto:yllka.maloku@uni.net\">yllka.maloku@uni.net<\/a>,<\/p>\n<p><a href=\"mailto:albiona.musa@ubt-uni.net\">albiona.musa@ubt-uni.net<\/a><\/td>\n<\/tr>\n<tr style=\"height: 24px;\">\n<td style=\"width: 5.22449%; height: 24px;\">24<\/td>\n<td style=\"width: 33.4678%; height: 24px;\" width=\"427\">Qendra p\u00ebr Orientim n\u00eb Karrier\u00eb<\/td>\n<td style=\"width: 21.6327%; height: 24px;\" width=\"270\">Erlinda Ahmeti<\/td>\n<td style=\"width: 37.551%; height: 24px;\" width=\"469\"><a href=\"mailto:erlinda.ahmeti@ubt-uni.net\">erlinda.ahmeti@ubt-uni.net<\/a><\/td>\n<\/tr>\n<tr style=\"height: 24px;\">\n<td style=\"width: 5.22449%; height: 24px;\">25<\/td>\n<td style=\"width: 33.4678%; height: 24px;\" width=\"427\">Psikologji &amp; Qendra K\u00ebshilluese<\/td>\n<td style=\"width: 21.6327%; height: 24px;\" width=\"270\">Vjollca Pllana Shahini<\/td>\n<td style=\"width: 37.551%; height: 24px;\" width=\"469\"><a href=\"mailto:vjollca.shahini@ubt-uni.net\">vjollca.shahini@ubt-uni.net<\/a><\/td>\n<\/tr>\n<tr style=\"height: 48px;\">\n<td style=\"width: 5.22449%; height: 48px;\">26<\/td>\n<td style=\"width: 33.4678%; height: 48px;\" width=\"427\">Turizmi<\/td>\n<td style=\"width: 21.6327%; height: 48px;\" width=\"270\">Emine Daci Zejnullahi,<\/p>\n<p>Sali Krasniqi<\/td>\n<td style=\"width: 37.551%; height: 48px;\" width=\"469\"><a href=\"mailto:emine.daci@ubt-uni.net\">emine.daci@ubt-uni.net<\/a>,<\/p>\n<p><a href=\"mailto:sali.krasniqi@ubt-uni.net\">sali.krasniqi@ubt-uni.net<\/a><\/td>\n<\/tr>\n<tr style=\"height: 24px;\">\n<td style=\"width: 5.22449%; height: 24px;\">27<\/td>\n<td style=\"width: 33.4678%; height: 24px;\" width=\"427\">Shkenca t\u00eb Sportit dhe te Levizjes<\/td>\n<td style=\"width: 21.6327%; height: 24px;\" width=\"270\">Agron Thaqi<\/td>\n<td style=\"width: 37.551%; height: 24px;\" width=\"469\"><a href=\"mailto:agron.thaqi@ubt-uni.net\">agron.thaqi@ubt-uni.net<\/a><\/td>\n<\/tr>\n<tr style=\"height: 24px;\">\n<td style=\"width: 5.22449%; height: 24px;\">28<\/td>\n<td style=\"width: 33.4678%; height: 24px;\" width=\"427\">Menaxhimi i Patundshm\u00ebrive \u2013 Kolegji ESLG<\/td>\n<td style=\"width: 21.6327%; height: 24px;\" width=\"270\">Jehona Hoxha<\/td>\n<td style=\"width: 37.551%; height: 24px;\" width=\"469\"><a href=\"mailto:jehona.hoxha@eukos.org\">jehona.hoxha@eukos.org<\/a><\/td>\n<\/tr>\n<tr style=\"height: 24px;\">\n<td style=\"width: 5.22449%; height: 24px;\">29<\/td>\n<td style=\"width: 33.4678%; height: 24px;\" width=\"427\">Gjuh\u00eb Angleze<\/td>\n<td style=\"width: 21.6327%; height: 24px;\" width=\"270\">Alma Lama<\/td>\n<td style=\"width: 37.551%; height: 24px;\" width=\"469\"><a href=\"mailto:alma.lama@ubt-uni.net\">alma.lama@ubt-uni.net<\/a><\/td>\n<\/tr>\n<tr style=\"height: 24px;\">\n<td style=\"width: 5.22449%; height: 24px;\">30<\/td>\n<td style=\"width: 33.4678%; height: 24px;\" width=\"427\">\u00a0Edukim<\/td>\n<td style=\"width: 21.6327%; height: 24px;\" width=\"270\">Eglantina Bilalli<\/td>\n<td style=\"width: 37.551%; height: 24px;\" width=\"469\"><a href=\"mailto:eglantina.bilalli@ubt-uni.net\">eglantina.bilalli@ubt-uni.net<\/a><\/td>\n<\/tr>\n<\/tbody>\n<\/table>\n<p>&nbsp;<\/p>\n<p>&nbsp;<\/p>\n<p><strong>Adresa:<\/strong><br \/>\nLagjja Kalabria<br \/>\nRexhep Krasniqi n.56 10000,<br \/>\nPrishtine, Kosova<\/p>\n<p><span class=\"text\"><strong>Telefoni:<\/strong><br \/>\n<\/span><span class=\"text\">+383 38 541 400<\/span><\/p>\n<p><strong>Email i p\u00ebrgjithsh\u00ebm:<\/strong><br \/>\n<a href=\"mailto:summeracademy@ubt-uni.net\"><span class=\"text\">summeracademy@ubt-uni.net<\/span><\/a><\/p>\n<p>&nbsp;<\/p>\n","protected":false},"excerpt":{"rendered":"<p>T\u00eb dh\u00ebnat e personave kontaktues p\u00ebr fakultetet p\u00ebrkat\u00ebse: &nbsp; No. Fakulteti \/ Departamenti: Personi kontaktues: Email i personit kontaktues: 1 Arkitektur\u00eb dhe Planifikim Hap\u00ebsinor Mimoza Sylejmani mimoza.sylejmani@ubt-uni.net 2 Arti dhe Mediat Digjitale Dardan Luta dardan.luta@ubt-uni.net 3 Dizajn i Integruar Laura Ymeri laura.ymeri@ubt-uni.net 4 Farmaci Egzontina Shabani egzontina.shabani@ubt-uni.net 5 Inxhinieria e Agrikultur\u00ebs dhe Mjedisit Kujtim Lepaja [&hellip;]<\/p>\n","protected":false},"author":1,"featured_media":0,"parent":0,"menu_order":0,"comment_status":"closed","ping_status":"closed","template":"","meta":{"_acf_changed":false,"footnotes":""},"class_list":["post-419","page","type-page","status-publish","hentry"],"acf":[],"_links":{"self":[{"href":"https:\/\/fest.ubt-uni.net\/2024\/wp-json\/wp\/v2\/pages\/419","targetHints":{"allow":["GET"]}}],"collection":[{"href":"https:\/\/fest.ubt-uni.net\/2024\/wp-json\/wp\/v2\/pages"}],"about":[{"href":"https:\/\/fest.ubt-uni.net\/2024\/wp-json\/wp\/v2\/types\/page"}],"author":[{"embeddable":true,"href":"https:\/\/fest.ubt-uni.net\/2024\/wp-json\/wp\/v2\/users\/1"}],"replies":[{"embeddable":true,"href":"https:\/\/fest.ubt-uni.net\/2024\/wp-json\/wp\/v2\/comments?post=419"}],"version-history":[{"count":20,"href":"https:\/\/fest.ubt-uni.net\/2024\/wp-json\/wp\/v2\/pages\/419\/revisions"}],"predecessor-version":[{"id":1151,"href":"https:\/\/fest.ubt-uni.net\/2024\/wp-json\/wp\/v2\/pages\/419\/revisions\/1151"}],"wp:attachment":[{"href":"https:\/\/fest.ubt-uni.net\/2024\/wp-json\/wp\/v2\/media?parent=419"}],"curies":[{"name":"wp","href":"https:\/\/api.w.org\/{rel}","templated":true}]}}