{"id":470,"date":"2021-06-11T10:56:58","date_gmt":"2021-06-11T09:56:58","guid":{"rendered":"https:\/\/fest.ubt-uni.net\/2021\/?page_id=470"},"modified":"2024-06-05T10:02:03","modified_gmt":"2024-06-05T09:02:03","slug":"rreth-nesh","status":"publish","type":"page","link":"https:\/\/fest.ubt-uni.net\/2024\/rreth-nesh\/","title":{"rendered":"Rreth Nesh"},"content":{"rendered":"<p>Global UBT Fest \u00ebsht\u00eb nj\u00eb pjes\u00eb integrale e\u00a0 UBT-s\u00eb. Mij\u00ebra njer\u00ebz b\u00ebhen pjes\u00eb e ligjeratave t\u00eb zhvilluara nga Akademit\u00eb Verore dhe poashtu marrin pjes\u00eb n\u00eb aktivitete t\u00eb ndryshme t\u00eb tilla si forume, samite, gara, pun\u00ebtori,\u00a0 dhe ngjarje t\u00eb tjera. Akademit\u00eb Verore organizohen nga po ato Fakultete q\u00eb ofrojn\u00eb m\u00ebsim gjat\u00eb vitit akademik n\u00eb UBT.<\/p>\n<p>Global UBT Fest \u00ebsht\u00eb krijuar p\u00ebr t\u00eb p\u00ebrmbushur nevojat e student\u00ebve, m\u00ebsimdh\u00ebn\u00ebsve\/profesor\u00ebve n\u00eb t\u00eb gjith\u00eb bot\u00ebn dhe individ\u00ebve t\u00eb cil\u00ebt k\u00ebrkojn\u00eb mund\u00ebsi t\u00eb ngritjes personale dhe profesionale\u00a0 n\u00eb disiplina t\u00eb ndryshme. Student\u00ebt nga UBT dhe nga institucione t\u00eb tjera mund t\u00eb p\u00ebrfitojn\u00eb nga Global UBT Fest duke p\u00ebrmisuar njohurit\u00eb e tyre paraprake ose fitojn\u00eb njohuri t\u00eb reja n\u00eb zhvillimin e tyre t\u00eb m\u00ebtutjesh\u00ebm.\u00a0Ata q\u00eb nuk d\u00ebshirojn\u00eb t\u00eb ndjekin Akademit\u00eb Verore por t\u00eb marrin pjes\u00eb vet\u00ebm n\u00eb aktivitete t\u00eb tjera, p\u00ebr q\u00ebllime t\u00eb p\u00ebrgjithshme, jan\u00eb gjithashtu t\u00eb mir\u00ebpritur t\u00eb marrin pjes\u00eb.<\/p>\n<p>Kredit\u00eb (ECTS-t\u00eb) e fituara n\u00eb Akademit\u00eb Verore mund t\u00eb ekuivalentohen dhe t\u00eb njihen n\u00eb UBT ose universitete t\u00eb tjera, n\u00ebse ndiqen rregullat dhe plot\u00ebsohen t\u00eb gjitha kushtet.<\/p>\n<p>Provojeni k\u00ebt\u00eb p\u00ebrvoj\u00eb tani dhe b\u00ebhuni pjes\u00eb e Festivalit ton\u00eb Akademik 2024!<\/p>\n\n\t\t<style type=\"text\/css\">\n\t\t\t#gallery-1 {\n\t\t\t\tmargin: auto;\n\t\t\t}\n\t\t\t#gallery-1 .gallery-item {\n\t\t\t\tfloat: left;\n\t\t\t\tmargin-top: 10px;\n\t\t\t\ttext-align: center;\n\t\t\t\twidth: 33%;\n\t\t\t}\n\t\t\t#gallery-1 img {\n\t\t\t\tborder: 2px solid #cfcfcf;\n\t\t\t}\n\t\t\t#gallery-1 .gallery-caption {\n\t\t\t\tmargin-left: 0;\n\t\t\t}\n\t\t\t\/* see gallery_shortcode() in wp-includes\/media.php *\/\n\t\t<\/style>\n\t\t<div id='gallery-1' class='gallery galleryid-470 gallery-columns-3 gallery-size-medium'><dl class='gallery-item'>\n\t\t\t<dt class='gallery-icon landscape'>\n\t\t\t\t<a href='https:\/\/fest.ubt-uni.net\/2024\/wp-content\/uploads\/2021\/06\/ANS_9633-2-scaled.jpg'><img loading=\"lazy\" decoding=\"async\" width=\"300\" height=\"200\" src=\"https:\/\/fest.ubt-uni.net\/2024\/wp-content\/uploads\/2021\/06\/ANS_9633-2-300x200.jpg\" class=\"attachment-medium size-medium\" alt=\"\" srcset=\"https:\/\/fest.ubt-uni.net\/2024\/wp-content\/uploads\/2021\/06\/ANS_9633-2-300x200.jpg 300w, https:\/\/fest.ubt-uni.net\/2024\/wp-content\/uploads\/2021\/06\/ANS_9633-2-1024x683.jpg 1024w, https:\/\/fest.ubt-uni.net\/2024\/wp-content\/uploads\/2021\/06\/ANS_9633-2-768x512.jpg 768w, https:\/\/fest.ubt-uni.net\/2024\/wp-content\/uploads\/2021\/06\/ANS_9633-2-1536x1024.jpg 1536w, https:\/\/fest.ubt-uni.net\/2024\/wp-content\/uploads\/2021\/06\/ANS_9633-2-2048x1365.jpg 2048w\" sizes=\"auto, (max-width: 300px) 100vw, 300px\" \/><\/a>\n\t\t\t<\/dt><\/dl><dl class='gallery-item'>\n\t\t\t<dt class='gallery-icon landscape'>\n\t\t\t\t<a href='https:\/\/fest.ubt-uni.net\/2024\/wp-content\/uploads\/2021\/06\/Media-39259-1-scaled.jpg'><img loading=\"lazy\" decoding=\"async\" width=\"300\" height=\"200\" src=\"https:\/\/fest.ubt-uni.net\/2024\/wp-content\/uploads\/2021\/06\/Media-39259-1-300x200.jpg\" class=\"attachment-medium size-medium\" alt=\"\" srcset=\"https:\/\/fest.ubt-uni.net\/2024\/wp-content\/uploads\/2021\/06\/Media-39259-1-300x200.jpg 300w, https:\/\/fest.ubt-uni.net\/2024\/wp-content\/uploads\/2021\/06\/Media-39259-1-1024x683.jpg 1024w, https:\/\/fest.ubt-uni.net\/2024\/wp-content\/uploads\/2021\/06\/Media-39259-1-768x512.jpg 768w, https:\/\/fest.ubt-uni.net\/2024\/wp-content\/uploads\/2021\/06\/Media-39259-1-1536x1024.jpg 1536w, https:\/\/fest.ubt-uni.net\/2024\/wp-content\/uploads\/2021\/06\/Media-39259-1-2048x1365.jpg 2048w\" sizes=\"auto, (max-width: 300px) 100vw, 300px\" \/><\/a>\n\t\t\t<\/dt><\/dl><dl class='gallery-item'>\n\t\t\t<dt class='gallery-icon landscape'>\n\t\t\t\t<a href='https:\/\/fest.ubt-uni.net\/2024\/wp-content\/uploads\/2021\/06\/SET19768-scaled.jpg'><img loading=\"lazy\" decoding=\"async\" width=\"300\" height=\"200\" src=\"https:\/\/fest.ubt-uni.net\/2024\/wp-content\/uploads\/2021\/06\/SET19768-300x200.jpg\" class=\"attachment-medium size-medium\" alt=\"\" srcset=\"https:\/\/fest.ubt-uni.net\/2024\/wp-content\/uploads\/2021\/06\/SET19768-300x200.jpg 300w, https:\/\/fest.ubt-uni.net\/2024\/wp-content\/uploads\/2021\/06\/SET19768-1024x683.jpg 1024w, https:\/\/fest.ubt-uni.net\/2024\/wp-content\/uploads\/2021\/06\/SET19768-768x512.jpg 768w, https:\/\/fest.ubt-uni.net\/2024\/wp-content\/uploads\/2021\/06\/SET19768-1536x1024.jpg 1536w, https:\/\/fest.ubt-uni.net\/2024\/wp-content\/uploads\/2021\/06\/SET19768-2048x1365.jpg 2048w\" sizes=\"auto, (max-width: 300px) 100vw, 300px\" \/><\/a>\n\t\t\t<\/dt><\/dl><br style=\"clear: both\" \/>\n\t\t<\/div>\n\n","protected":false},"excerpt":{"rendered":"<p>Global UBT Fest \u00ebsht\u00eb nj\u00eb pjes\u00eb integrale e\u00a0 UBT-s\u00eb. Mij\u00ebra njer\u00ebz b\u00ebhen pjes\u00eb e ligjeratave t\u00eb zhvilluara nga Akademit\u00eb Verore dhe poashtu marrin pjes\u00eb n\u00eb aktivitete t\u00eb ndryshme t\u00eb tilla si forume, samite, gara, pun\u00ebtori,\u00a0 dhe ngjarje t\u00eb tjera. Akademit\u00eb Verore organizohen nga po ato Fakultete q\u00eb ofrojn\u00eb m\u00ebsim gjat\u00eb vitit akademik n\u00eb UBT. Global [&hellip;]<\/p>\n","protected":false},"author":1,"featured_media":0,"parent":0,"menu_order":0,"comment_status":"closed","ping_status":"closed","template":"","meta":{"_acf_changed":false,"footnotes":""},"class_list":["post-470","page","type-page","status-publish","hentry"],"acf":[],"_links":{"self":[{"href":"https:\/\/fest.ubt-uni.net\/2024\/wp-json\/wp\/v2\/pages\/470","targetHints":{"allow":["GET"]}}],"collection":[{"href":"https:\/\/fest.ubt-uni.net\/2024\/wp-json\/wp\/v2\/pages"}],"about":[{"href":"https:\/\/fest.ubt-uni.net\/2024\/wp-json\/wp\/v2\/types\/page"}],"author":[{"embeddable":true,"href":"https:\/\/fest.ubt-uni.net\/2024\/wp-json\/wp\/v2\/users\/1"}],"replies":[{"embeddable":true,"href":"https:\/\/fest.ubt-uni.net\/2024\/wp-json\/wp\/v2\/comments?post=470"}],"version-history":[{"count":8,"href":"https:\/\/fest.ubt-uni.net\/2024\/wp-json\/wp\/v2\/pages\/470\/revisions"}],"predecessor-version":[{"id":1178,"href":"https:\/\/fest.ubt-uni.net\/2024\/wp-json\/wp\/v2\/pages\/470\/revisions\/1178"}],"wp:attachment":[{"href":"https:\/\/fest.ubt-uni.net\/2024\/wp-json\/wp\/v2\/media?parent=470"}],"curies":[{"name":"wp","href":"https:\/\/api.w.org\/{rel}","templated":true}]}}